{"id":101,"date":"2016-02-06T06:16:35","date_gmt":"2016-02-06T06:16:35","guid":{"rendered":"http:\/\/themes.vibethemes.com\/wplms\/skins\/demo2\/?page_id=1947"},"modified":"2023-11-16T08:54:59","modified_gmt":"2023-11-16T08:54:59","slug":"devenir-un-formateur","status":"publish","type":"page","link":"https:\/\/wakalingo.com\/fr\/devenir-un-formateur\/","title":{"rendered":"Devenir un Formateur"},"content":{"rendered":"\t\t<div data-elementor-type=\"wp-page\" data-elementor-id=\"101\" class=\"elementor elementor-101\" data-elementor-post-type=\"page\">\n\t\t\t\t\t\t<section class=\"elementor-section elementor-top-section elementor-element elementor-element-2e0df70 elementor-section-boxed elementor-section-height-default elementor-section-height-default\" data-id=\"2e0df70\" data-element_type=\"section\">\n\t\t\t\t\t\t<div class=\"elementor-container elementor-column-gap-extended\">\n\t\t\t\t\t<div class=\"elementor-column elementor-col-66 elementor-top-column elementor-element elementor-element-c6a7bb7\" data-id=\"c6a7bb7\" data-element_type=\"column\">\n\t\t\t<div class=\"elementor-widget-wrap elementor-element-populated\">\n\t\t\t\t\t\t<div class=\"elementor-element elementor-element-9aa4ccd elementor-widget elementor-widget-heading\" data-id=\"9aa4ccd\" data-element_type=\"widget\" data-widget_type=\"heading.default\">\n\t\t\t\t<div class=\"elementor-widget-container\">\n\t\t\t\t\t<h2 class=\"elementor-heading-title elementor-size-default\">Formulaire de candidature<\/h2>\t\t\t\t<\/div>\n\t\t\t\t<\/div>\n\t\t\t\t<div class=\"elementor-element elementor-element-0eb1192 elementor-widget elementor-widget-text-editor\" data-id=\"0eb1192\" data-element_type=\"widget\" data-widget_type=\"text-editor.default\">\n\t\t\t\t<div class=\"elementor-widget-container\">\n\t\t\t\t\t\t\t\t\t<p>Veuillez remplir le formulaire ci-dessous afin de soumettre les informations n\u00e9cessaires pour \u00e9tablir un partenariat.&nbsp;<\/p><p>Nous vous contacterons dans les plus brefs d\u00e9lais pour prendre en charge votre demande.<\/p>\t\t\t\t\t\t\t\t<\/div>\n\t\t\t\t<\/div>\n\t\t\t\t<div class=\"elementor-element elementor-element-52861b7 elementor-button-align-stretch elementor-widget elementor-widget-form\" data-id=\"52861b7\" data-element_type=\"widget\" data-settings=\"{&quot;step_next_label&quot;:&quot;Suivant&quot;,&quot;step_previous_label&quot;:&quot;Pr\\u00e9c\\u00e9dent&quot;,&quot;button_width&quot;:&quot;100&quot;,&quot;step_type&quot;:&quot;number_text&quot;,&quot;step_icon_shape&quot;:&quot;circle&quot;}\" data-widget_type=\"form.default\">\n\t\t\t\t<div class=\"elementor-widget-container\">\n\t\t\t\t\t\t\t<form class=\"elementor-form\" method=\"post\" name=\"Nouveau formulaire\">\n\t\t\t<input type=\"hidden\" name=\"post_id\" value=\"101\"\/>\n\t\t\t<input type=\"hidden\" name=\"form_id\" value=\"52861b7\"\/>\n\t\t\t<input type=\"hidden\" name=\"referer_title\" value=\"Devenir un Formateur - Wakalingo - Apprenez les langues africaines\" \/>\n\n\t\t\t\t\t\t\t<input type=\"hidden\" name=\"queried_id\" value=\"101\"\/>\n\t\t\t\n\t\t\t<div class=\"elementor-form-fields-wrapper elementor-labels-above\">\n\t\t\t\t\t\t\t\t<div class=\"elementor-field-type-text elementor-field-group elementor-column elementor-field-group-name elementor-col-100 elementor-field-required\">\n\t\t\t\t\t\t\t\t\t\t\t\t\t<input size=\"1\" type=\"text\" name=\"form_fields[name]\" id=\"form-field-name\" class=\"elementor-field elementor-size-sm  elementor-field-textual\" placeholder=\"Pr\u00e9nom et Nom\" required=\"required\">\n\t\t\t\t\t\t\t\t\t\t\t<\/div>\n\t\t\t\t\t\t\t\t<div class=\"elementor-field-type-email elementor-field-group elementor-column elementor-field-group-email elementor-col-100 elementor-field-required\">\n\t\t\t\t\t\t\t\t\t\t\t\t\t<input size=\"1\" type=\"email\" name=\"form_fields[email]\" id=\"form-field-email\" class=\"elementor-field elementor-size-sm  elementor-field-textual\" placeholder=\"E-mail\" required=\"required\">\n\t\t\t\t\t\t\t\t\t\t\t<\/div>\n\t\t\t\t\t\t\t\t<div class=\"elementor-field-type-tel elementor-field-group elementor-column elementor-field-group-field_8be210e elementor-col-100 elementor-field-required\">\n\t\t\t\t\t\t\t<input size=\"1\" type=\"tel\" name=\"form_fields[field_8be210e]\" id=\"form-field-field_8be210e\" class=\"elementor-field elementor-size-sm  elementor-field-textual\" placeholder=\"Num\u00e9ro de t\u00e9l\u00e9phone \" required=\"required\" pattern=\"[0-9()#&amp;+*-=.]+\" title=\"Seuls les caract\u00e8res de num\u00e9ros de t\u00e9l\u00e9phone (#, -, *, etc.) sont accept\u00e9s.\">\n\n\t\t\t\t\t\t<\/div>\n\t\t\t\t\t\t\t\t<div class=\"elementor-field-type-checkbox elementor-field-group elementor-column elementor-field-group-field_2e562c4 elementor-col-100\">\n\t\t\t\t\t\t\t\t\t\t\t\t<label for=\"form-field-field_2e562c4\" class=\"elementor-field-label\">\n\t\t\t\t\t\t\t\tLangues de sp\u00e9cialisation\t\t\t\t\t\t\t<\/label>\n\t\t\t\t\t\t<div class=\"elementor-field-subgroup  elementor-subgroup-inline\"><span class=\"elementor-field-option\"><input type=\"checkbox\" value=\"Wolof\" id=\"form-field-field_2e562c4-0\" name=\"form_fields[field_2e562c4][]\"> <label for=\"form-field-field_2e562c4-0\">Wolof<\/label><\/span><span class=\"elementor-field-option\"><input type=\"checkbox\" value=\"Pular \" id=\"form-field-field_2e562c4-1\" name=\"form_fields[field_2e562c4][]\"> <label for=\"form-field-field_2e562c4-1\">Pular <\/label><\/span><span class=\"elementor-field-option\"><input type=\"checkbox\" value=\"Haoussa\" id=\"form-field-field_2e562c4-2\" name=\"form_fields[field_2e562c4][]\"> <label for=\"form-field-field_2e562c4-2\">Haoussa<\/label><\/span><span class=\"elementor-field-option\"><input type=\"checkbox\" value=\"Dioula\" id=\"form-field-field_2e562c4-3\" name=\"form_fields[field_2e562c4][]\"> <label for=\"form-field-field_2e562c4-3\">Dioula<\/label><\/span><\/div>\t\t\t\t<\/div>\n\t\t\t\t\t\t\t\t<div class=\"elementor-field-type-text elementor-field-group elementor-column elementor-field-group-field_3fdc859 elementor-col-100 elementor-field-required\">\n\t\t\t\t\t\t\t\t\t\t\t\t<label for=\"form-field-field_3fdc859\" class=\"elementor-field-label\">\n\t\t\t\t\t\t\t\tPr\u00e9f\u00e9rences pour le type de cours \t\t\t\t\t\t\t<\/label>\n\t\t\t\t\t\t\t\t\t\t\t\t\t\t<input size=\"1\" type=\"text\" name=\"form_fields[field_3fdc859]\" id=\"form-field-field_3fdc859\" class=\"elementor-field elementor-size-sm  elementor-field-textual\" placeholder=\"individuel, en groupe, en ligne, en personne\" required=\"required\">\n\t\t\t\t\t\t\t\t\t\t\t<\/div>\n\t\t\t\t\t\t\t\t<div class=\"elementor-field-type-radio elementor-field-group elementor-column elementor-field-group-field_4a33f08 elementor-col-100 elementor-field-required\">\n\t\t\t\t\t\t\t\t\t\t\t\t<label for=\"form-field-field_4a33f08\" class=\"elementor-field-label\">\n\t\t\t\t\t\t\t\tVotre disponibilit\u00e9\t\t\t\t\t\t\t<\/label>\n\t\t\t\t\t\t<div class=\"elementor-field-subgroup  \"><span class=\"elementor-field-option\"><input type=\"radio\" value=\"Imm\u00e9diate\" id=\"form-field-field_4a33f08-0\" name=\"form_fields[field_4a33f08]\" required=\"required\"> <label for=\"form-field-field_4a33f08-0\">Imm\u00e9diate<\/label><\/span><span class=\"elementor-field-option\"><input type=\"radio\" value=\"Dans quelques mois\" id=\"form-field-field_4a33f08-1\" name=\"form_fields[field_4a33f08]\" required=\"required\"> <label for=\"form-field-field_4a33f08-1\">Dans quelques mois<\/label><\/span><span class=\"elementor-field-option\"><input type=\"radio\" value=\"Dans 1 an\" id=\"form-field-field_4a33f08-2\" name=\"form_fields[field_4a33f08]\" required=\"required\"> <label for=\"form-field-field_4a33f08-2\">Dans 1 an<\/label><\/span><\/div>\t\t\t\t<\/div>\n\t\t\t\t\t\t\t\t<div class=\"elementor-field-type-textarea elementor-field-group elementor-column elementor-field-group-message elementor-col-100\">\n\t\t\t\t\t\t\t\t\t\t\t\t<label for=\"form-field-message\" class=\"elementor-field-label\">\n\t\t\t\t\t\t\t\tVotre Objectif\t\t\t\t\t\t\t<\/label>\n\t\t\t\t\t\t<textarea class=\"elementor-field-textual elementor-field  elementor-size-sm\" name=\"form_fields[message]\" id=\"form-field-message\" rows=\"4\" placeholder=\"Message\"><\/textarea>\t\t\t\t<\/div>\n\t\t\t\t\t\t\t\t<div class=\"elementor-field-group elementor-column elementor-field-type-submit elementor-col-100 e-form__buttons\">\n\t\t\t\t\t<button class=\"elementor-button elementor-size-sm\" type=\"submit\">\n\t\t\t\t\t\t<span class=\"elementor-button-content-wrapper\">\n\t\t\t\t\t\t\t\t\t\t\t\t\t\t\t\t\t\t\t\t\t\t<span class=\"elementor-button-text\">Envoyer<\/span>\n\t\t\t\t\t\t\t\t\t\t\t\t\t<\/span>\n\t\t\t\t\t<\/button>\n\t\t\t\t<\/div>\n\t\t\t<\/div>\n\t\t<\/form>\n\t\t\t\t\t\t<\/div>\n\t\t\t\t<\/div>\n\t\t\t\t\t<\/div>\n\t\t<\/div>\n\t\t\t\t<div class=\"elementor-column elementor-col-33 elementor-top-column elementor-element elementor-element-06313a8\" data-id=\"06313a8\" data-element_type=\"column\" data-settings=\"{&quot;background_background&quot;:&quot;classic&quot;}\">\n\t\t\t<div class=\"elementor-widget-wrap\">\n\t\t\t\t\t\t\t<\/div>\n\t\t<\/div>\n\t\t\t\t\t<\/div>\n\t\t<\/section>\n\t\t\t\t<\/div>\n\t\t","protected":false},"excerpt":{"rendered":"<p>Formulaire de candidature Veuillez remplir le formulaire ci-dessous afin de soumettre les informations n\u00e9cessaires pour \u00e9tablir un partenariat.&nbsp; Nous vous &hellip;<\/p>\n","protected":false},"author":18,"featured_media":0,"parent":0,"menu_order":0,"comment_status":"closed","ping_status":"closed","template":"elementor_theme","meta":{"_bbp_topic_count":0,"_bbp_reply_count":0,"_bbp_total_topic_count":0,"_bbp_total_reply_count":0,"_bbp_voice_count":0,"_bbp_anonymous_reply_count":0,"_bbp_topic_count_hidden":0,"_bbp_reply_count_hidden":0,"_bbp_forum_subforum_count":0,"pmpro_default_level":"","_vibebp_attr":"","_vibebp_dimensions":"","_vibebp_responsive_height":"","_vibebp_accordion_ie_support":"","footnotes":""},"coauthors":[244],"class_list":["post-101","page","type-page","status-publish","hentry","pmpro-has-access"],"yoast_head":"<!-- This site is optimized with the Yoast SEO plugin v26.1 - https:\/\/yoast.com\/wordpress\/plugins\/seo\/ -->\n<title>Devenir un Formateur - Wakalingo - Apprenez les langues africaines<\/title>\n<meta name=\"robots\" content=\"index, follow, max-snippet:-1, max-image-preview:large, max-video-preview:-1\" \/>\n<link rel=\"canonical\" href=\"https:\/\/wakalingo.com\/fr\/devenir-un-formateur\/\" \/>\n<meta property=\"og:locale\" content=\"fr_FR\" \/>\n<meta property=\"og:type\" content=\"article\" \/>\n<meta property=\"og:title\" content=\"Devenir un Formateur - Wakalingo - Apprenez les langues africaines\" \/>\n<meta property=\"og:description\" content=\"Formulaire de candidature Veuillez remplir le formulaire ci-dessous afin de soumettre les informations n\u00e9cessaires pour \u00e9tablir un partenariat.&nbsp; Nous vous &hellip;\" \/>\n<meta property=\"og:url\" content=\"https:\/\/wakalingo.com\/fr\/devenir-un-formateur\/\" \/>\n<meta property=\"og:site_name\" content=\"Wakalingo - Apprenez les langues africaines\" \/>\n<meta property=\"article:publisher\" content=\"https:\/\/www.facebook.com\/wakalingo\" \/>\n<meta property=\"article:modified_time\" content=\"2023-11-16T08:54:59+00:00\" \/>\n<meta property=\"og:image\" content=\"https:\/\/wakalingo.com\/wp-content\/uploads\/2024\/10\/Wakalingo-apprenez-le-wolof.jpg\" \/>\n\t<meta property=\"og:image:width\" content=\"1200\" \/>\n\t<meta property=\"og:image:height\" content=\"675\" \/>\n\t<meta property=\"og:image:type\" content=\"image\/jpeg\" \/>\n<meta name=\"twitter:card\" content=\"summary_large_image\" \/>\n<meta name=\"twitter:label1\" content=\"Dur\u00e9e de lecture estim\u00e9e\" \/>\n\t<meta name=\"twitter:data1\" content=\"1 minute\" \/>\n\t<meta name=\"twitter:label2\" content=\"Written by\" \/>\n\t<meta name=\"twitter:data2\" content=\"carlos007\" \/>\n<script type=\"application\/ld+json\" class=\"yoast-schema-graph\">{\"@context\":\"https:\/\/schema.org\",\"@graph\":[{\"@type\":\"WebPage\",\"@id\":\"https:\/\/wakalingo.com\/fr\/devenir-un-formateur\/\",\"url\":\"https:\/\/wakalingo.com\/fr\/devenir-un-formateur\/\",\"name\":\"Devenir un Formateur - Wakalingo - Apprenez les langues africaines\",\"isPartOf\":{\"@id\":\"https:\/\/wakalingo.com\/fr\/#website\"},\"datePublished\":\"2016-02-06T06:16:35+00:00\",\"dateModified\":\"2023-11-16T08:54:59+00:00\",\"breadcrumb\":{\"@id\":\"https:\/\/wakalingo.com\/fr\/devenir-un-formateur\/#breadcrumb\"},\"inLanguage\":\"fr-FR\",\"potentialAction\":[{\"@type\":\"ReadAction\",\"target\":[\"https:\/\/wakalingo.com\/fr\/devenir-un-formateur\/\"]}]},{\"@type\":\"BreadcrumbList\",\"@id\":\"https:\/\/wakalingo.com\/fr\/devenir-un-formateur\/#breadcrumb\",\"itemListElement\":[{\"@type\":\"ListItem\",\"position\":1,\"name\":\"Accueil\",\"item\":\"https:\/\/wakalingo.com\/fr\/\"},{\"@type\":\"ListItem\",\"position\":2,\"name\":\"Devenir un Formateur\"}]},{\"@type\":\"WebSite\",\"@id\":\"https:\/\/wakalingo.com\/fr\/#website\",\"url\":\"https:\/\/wakalingo.com\/fr\/\",\"name\":\"Wakalingo - Apprenez les langues africaines\",\"description\":\"Adoptez la langue, adoptez la culture !\",\"publisher\":{\"@id\":\"https:\/\/wakalingo.com\/fr\/#organization\"},\"potentialAction\":[{\"@type\":\"SearchAction\",\"target\":{\"@type\":\"EntryPoint\",\"urlTemplate\":\"https:\/\/wakalingo.com\/fr\/?s={search_term_string}\"},\"query-input\":{\"@type\":\"PropertyValueSpecification\",\"valueRequired\":true,\"valueName\":\"search_term_string\"}}],\"inLanguage\":\"fr-FR\"},{\"@type\":\"Organization\",\"@id\":\"https:\/\/wakalingo.com\/fr\/#organization\",\"name\":\"Wakalingo - Apprenez les langues africaines\",\"url\":\"https:\/\/wakalingo.com\/fr\/\",\"logo\":{\"@type\":\"ImageObject\",\"inLanguage\":\"fr-FR\",\"@id\":\"https:\/\/wakalingo.com\/fr\/#\/schema\/logo\/image\/\",\"url\":\"https:\/\/wakalingo.com\/wp-content\/uploads\/2022\/05\/WakaLingo-rectangulaire_Retenu-1.png\",\"contentUrl\":\"https:\/\/wakalingo.com\/wp-content\/uploads\/2022\/05\/WakaLingo-rectangulaire_Retenu-1.png\",\"width\":205,\"height\":48,\"caption\":\"Wakalingo - Apprenez les langues africaines\"},\"image\":{\"@id\":\"https:\/\/wakalingo.com\/fr\/#\/schema\/logo\/image\/\"},\"sameAs\":[\"https:\/\/www.facebook.com\/wakalingo\",\"https:\/\/www.instagram.com\/wakalingo\/\"]}]}<\/script>\n<!-- \/ Yoast SEO plugin. -->","yoast_head_json":{"title":"Devenir un Formateur - Wakalingo - Apprenez les langues africaines","robots":{"index":"index","follow":"follow","max-snippet":"max-snippet:-1","max-image-preview":"max-image-preview:large","max-video-preview":"max-video-preview:-1"},"canonical":"https:\/\/wakalingo.com\/fr\/devenir-un-formateur\/","og_locale":"fr_FR","og_type":"article","og_title":"Devenir un Formateur - Wakalingo - Apprenez les langues africaines","og_description":"Formulaire de candidature Veuillez remplir le formulaire ci-dessous afin de soumettre les informations n\u00e9cessaires pour \u00e9tablir un partenariat.&nbsp; Nous vous &hellip;","og_url":"https:\/\/wakalingo.com\/fr\/devenir-un-formateur\/","og_site_name":"Wakalingo - Apprenez les langues africaines","article_publisher":"https:\/\/www.facebook.com\/wakalingo","article_modified_time":"2023-11-16T08:54:59+00:00","og_image":[{"width":1200,"height":675,"url":"https:\/\/wakalingo.com\/wp-content\/uploads\/2024\/10\/Wakalingo-apprenez-le-wolof.jpg","type":"image\/jpeg"}],"twitter_card":"summary_large_image","twitter_misc":{"Dur\u00e9e de lecture estim\u00e9e":"1 minute","Written by":"carlos007"},"schema":{"@context":"https:\/\/schema.org","@graph":[{"@type":"WebPage","@id":"https:\/\/wakalingo.com\/fr\/devenir-un-formateur\/","url":"https:\/\/wakalingo.com\/fr\/devenir-un-formateur\/","name":"Devenir un Formateur - Wakalingo - Apprenez les langues africaines","isPartOf":{"@id":"https:\/\/wakalingo.com\/fr\/#website"},"datePublished":"2016-02-06T06:16:35+00:00","dateModified":"2023-11-16T08:54:59+00:00","breadcrumb":{"@id":"https:\/\/wakalingo.com\/fr\/devenir-un-formateur\/#breadcrumb"},"inLanguage":"fr-FR","potentialAction":[{"@type":"ReadAction","target":["https:\/\/wakalingo.com\/fr\/devenir-un-formateur\/"]}]},{"@type":"BreadcrumbList","@id":"https:\/\/wakalingo.com\/fr\/devenir-un-formateur\/#breadcrumb","itemListElement":[{"@type":"ListItem","position":1,"name":"Accueil","item":"https:\/\/wakalingo.com\/fr\/"},{"@type":"ListItem","position":2,"name":"Devenir un Formateur"}]},{"@type":"WebSite","@id":"https:\/\/wakalingo.com\/fr\/#website","url":"https:\/\/wakalingo.com\/fr\/","name":"Wakalingo - Apprenez les langues africaines","description":"Adoptez la langue, adoptez la culture !","publisher":{"@id":"https:\/\/wakalingo.com\/fr\/#organization"},"potentialAction":[{"@type":"SearchAction","target":{"@type":"EntryPoint","urlTemplate":"https:\/\/wakalingo.com\/fr\/?s={search_term_string}"},"query-input":{"@type":"PropertyValueSpecification","valueRequired":true,"valueName":"search_term_string"}}],"inLanguage":"fr-FR"},{"@type":"Organization","@id":"https:\/\/wakalingo.com\/fr\/#organization","name":"Wakalingo - Apprenez les langues africaines","url":"https:\/\/wakalingo.com\/fr\/","logo":{"@type":"ImageObject","inLanguage":"fr-FR","@id":"https:\/\/wakalingo.com\/fr\/#\/schema\/logo\/image\/","url":"https:\/\/wakalingo.com\/wp-content\/uploads\/2022\/05\/WakaLingo-rectangulaire_Retenu-1.png","contentUrl":"https:\/\/wakalingo.com\/wp-content\/uploads\/2022\/05\/WakaLingo-rectangulaire_Retenu-1.png","width":205,"height":48,"caption":"Wakalingo - Apprenez les langues africaines"},"image":{"@id":"https:\/\/wakalingo.com\/fr\/#\/schema\/logo\/image\/"},"sameAs":["https:\/\/www.facebook.com\/wakalingo","https:\/\/www.instagram.com\/wakalingo\/"]}]}},"_links":{"self":[{"href":"https:\/\/wakalingo.com\/fr\/wp-json\/wp\/v2\/pages\/101","targetHints":{"allow":["GET"]}}],"collection":[{"href":"https:\/\/wakalingo.com\/fr\/wp-json\/wp\/v2\/pages"}],"about":[{"href":"https:\/\/wakalingo.com\/fr\/wp-json\/wp\/v2\/types\/page"}],"author":[{"embeddable":true,"href":"https:\/\/wakalingo.com\/fr\/wp-json\/wp\/v2\/users\/18"}],"replies":[{"embeddable":true,"href":"https:\/\/wakalingo.com\/fr\/wp-json\/wp\/v2\/comments?post=101"}],"version-history":[{"count":17,"href":"https:\/\/wakalingo.com\/fr\/wp-json\/wp\/v2\/pages\/101\/revisions"}],"predecessor-version":[{"id":3870,"href":"https:\/\/wakalingo.com\/fr\/wp-json\/wp\/v2\/pages\/101\/revisions\/3870"}],"wp:attachment":[{"href":"https:\/\/wakalingo.com\/fr\/wp-json\/wp\/v2\/media?parent=101"}],"wp:term":[{"taxonomy":"author","embeddable":true,"href":"https:\/\/wakalingo.com\/fr\/wp-json\/wp\/v2\/coauthors?post=101"}],"curies":[{"name":"wp","href":"https:\/\/api.w.org\/{rel}","templated":true}]}}