{"id":3,"date":"2021-12-09T09:47:43","date_gmt":"2021-12-09T09:47:43","guid":{"rendered":"https:\/\/connaissances2.sossahel.org\/?page_id=3"},"modified":"2023-09-26T10:13:19","modified_gmt":"2023-09-26T10:13:19","slug":"termes-et-conditions","status":"publish","type":"page","link":"https:\/\/wakalingo.com\/fr\/termes-et-conditions\/","title":{"rendered":"Termes et conditions"},"content":{"rendered":"\n<h2 class=\"wp-block-heading\"><strong>Qui nous sommes<\/strong><\/h2>\n\n\n\n<p>Nous sommes une plateforme d&rsquo;apprentissage des langues africaine en ligne et notre site web est la suivante : https:\/\/wakalingo.com.<\/p>\n\n\n\n<h2 class=\"wp-block-heading\">Commentaires<\/h2>\n\n\n\n<p>Lorsque les visiteurs laissent des commentaires sur le site, nous recueillons les donn\u00e9es affich\u00e9es dans le formulaire de commentaires, ainsi que l&rsquo;adresse IP du visiteur et la cha\u00eene d&rsquo;agent utilisateur du navigateur pour aider \u00e0 la d\u00e9tection de spam.<\/p>\n\n\n\n<p><\/p>\n\n\n\n<h2 class=\"wp-block-heading\">M\u00e9dias<\/h2>\n\n\n\n<p>Si vous t\u00e9l\u00e9chargez des images sur le site web, vous devriez \u00e9viter de t\u00e9l\u00e9charger des images contenant des donn\u00e9es de localisation int\u00e9gr\u00e9es (EXIF, GPS). Les visiteurs du site web peuvent t\u00e9l\u00e9charger et extraire toutes les donn\u00e9es de localisation \u00e0 partir des images du site.<\/p>\n\n\n\n<h2 class=\"wp-block-heading\">Cookies<\/h2>\n\n\n\n<p>Si vous laissez un commentaire sur notre site, vous pouvez choisir de sauvegarder votre nom, votre adresse e-mail et votre site web dans des cookies. Ces cookies sont l\u00e0 pour votre commodit\u00e9 afin que vous n&rsquo;ayez pas \u00e0 remplir \u00e0 nouveau vos coordonn\u00e9es lorsque vous laissez un autre commentaire. Ces cookies dureront un an.<\/p>\n\n\n\n<p>Si vous visitez notre page de connexion, nous placerons un cookie temporaire pour d\u00e9terminer si votre navigateur accepte les cookies. Ce cookie ne contient aucune donn\u00e9e personnelle et est supprim\u00e9 lorsque vous fermez votre navigateur.<\/p>\n\n\n\n<p>Quand vous vous connectez, nous configurerons \u00e9galement plusieurs cookies pour enregistrer vos informations de connexion et vos choix d&rsquo;affichage \u00e0 l&rsquo;\u00e9cran. Les cookies de connexion durent deux jours et les cookies d&rsquo;options d&rsquo;\u00e9cran durent un an. Si vous s\u00e9lectionnez \u00ab\u00a0Se souvenir de moi\u00a0\u00bb, votre connexion persistera pendant deux semaines. Si vous vous d\u00e9connectez de votre compte, les cookies de connexion seront supprim\u00e9s.<\/p>\n\n\n\n<p>Si vous modifiez ou publiez un article, un cookie suppl\u00e9mentaire sera enregistr\u00e9 dans votre navigateur. Ce cookie ne contient aucune donn\u00e9e personnelle et indique simplement l&rsquo;ID de l&rsquo;article que vous venez de modifier. Il expire apr\u00e8s 1 jour.<\/p>\n\n\n\n<p>Contenu int\u00e9gr\u00e9 depuis d&rsquo;autres sites web<\/p>\n\n\n\n<p>Les articles de ce site peuvent inclure du contenu int\u00e9gr\u00e9 (par exemple, des vid\u00e9os, des images, des articles, etc.). Le contenu int\u00e9gr\u00e9 depuis d&rsquo;autres sites web se comporte de la m\u00eame mani\u00e8re que si le visiteur avait visit\u00e9 l&rsquo;autre site web.<\/p>\n\n\n\n<p>Ces sites web peuvent collecter des donn\u00e9es vous concernant, utiliser des cookies, int\u00e9grer un suivi tiers suppl\u00e9mentaire et surveiller votre interaction avec ce contenu int\u00e9gr\u00e9, y compris le suivi de votre interaction avec le contenu int\u00e9gr\u00e9 si vous avez un compte et \u00eates connect\u00e9 \u00e0 ce site web.<\/p>\n\n\n\n<h2 class=\"wp-block-heading\">Avec qui, partageons-nous vos donn\u00e9es<\/h2>\n\n\n\n<p>Si vous demandez une r\u00e9initialisation de mot de passe, votre adresse IP sera incluse dans l&rsquo;e-mail de r\u00e9initialisation.<\/p>\n\n\n\n<h2 class=\"wp-block-heading\">Combien de temps, nous conservons vos donn\u00e9es ?<\/h2>\n\n\n\n<p>Si vous laissez un commentaire, le commentaire et ses m\u00e9tadonn\u00e9es sont conserv\u00e9s ind\u00e9finiment. Cela nous permet de reconna\u00eetre et d&rsquo;approuver automatiquement tous les commentaires de suivi au lieu de les maintenir dans une file de mod\u00e9ration.<\/p>\n\n\n\n<p>Pour les utilisateurs qui s&rsquo;inscrivent sur notre site web (le cas \u00e9ch\u00e9ant), nous conservons \u00e9galement les informations personnelles qu&rsquo;ils fournissent dans leur profil utilisateur. Tous les utilisateurs peuvent voir, modifier ou supprimer leurs informations personnelles \u00e0 tout moment (\u00e0 l&rsquo;exception de leur nom d&rsquo;utilisateur, qu&rsquo;ils ne peuvent pas changer). Les administrateurs du site web peuvent \u00e9galement voir et modifier ces informations.<\/p>\n\n\n\n<h2 class=\"wp-block-heading\">Vos droits sur vos donn\u00e9es<\/h2>\n\n\n\n<p>Si vous avez un compte sur ce site, ou si vous avez laiss\u00e9 des commentaires, vous pouvez demander \u00e0 recevoir un fichier export\u00e9 des donn\u00e9es personnelles que nous d\u00e9tenons vous concernant, y compris toutes les donn\u00e9es que vous nous avez fournies. Vous pouvez \u00e9galement demander que nous effacions toutes les donn\u00e9es personnelles que nous d\u00e9tenons vous concernant. Cela n&rsquo;inclut pas les donn\u00e9es que nous sommes oblig\u00e9s de conserver \u00e0 des fins administratives, l\u00e9gales ou de s\u00e9curit\u00e9.<\/p>\n\n\n\n<h2 class=\"wp-block-heading\">O\u00f9 nous envoyons vos donn\u00e9es<\/h2>\n\n\n\n<p>Les commentaires des visiteurs peuvent \u00eatre v\u00e9rifi\u00e9s via un service automatis\u00e9 de d\u00e9tection de spam.<\/p>\n","protected":false},"excerpt":{"rendered":"<p>Qui nous sommes Nous sommes une plateforme d&rsquo;apprentissage des langues africaine en ligne et notre site web est la suivante &hellip;<\/p>\n","protected":false},"author":18,"featured_media":0,"parent":0,"menu_order":0,"comment_status":"closed","ping_status":"open","template":"","meta":{"_bbp_topic_count":0,"_bbp_reply_count":0,"_bbp_total_topic_count":0,"_bbp_total_reply_count":0,"_bbp_voice_count":0,"_bbp_anonymous_reply_count":0,"_bbp_topic_count_hidden":0,"_bbp_reply_count_hidden":0,"_bbp_forum_subforum_count":0,"pmpro_default_level":"","_vibebp_attr":"","_vibebp_dimensions":"","_vibebp_responsive_height":"","_vibebp_accordion_ie_support":"","footnotes":""},"coauthors":[244],"class_list":["post-3","page","type-page","status-publish","hentry","pmpro-has-access"],"yoast_head":"<!-- This site is optimized with the Yoast SEO plugin v26.1 - https:\/\/yoast.com\/wordpress\/plugins\/seo\/ -->\n<title>Termes et conditions - Wakalingo - Apprenez les langues africaines<\/title>\n<meta name=\"robots\" content=\"index, follow, max-snippet:-1, max-image-preview:large, max-video-preview:-1\" \/>\n<link rel=\"canonical\" href=\"https:\/\/wakalingo.com\/fr\/termes-et-conditions\/\" \/>\n<meta property=\"og:locale\" content=\"fr_FR\" \/>\n<meta property=\"og:type\" content=\"article\" \/>\n<meta property=\"og:title\" content=\"Termes et conditions - Wakalingo - Apprenez les langues africaines\" \/>\n<meta property=\"og:description\" content=\"Qui nous sommes Nous sommes une plateforme d&rsquo;apprentissage des langues africaine en ligne et notre site web est la suivante &hellip;\" \/>\n<meta property=\"og:url\" content=\"https:\/\/wakalingo.com\/fr\/termes-et-conditions\/\" \/>\n<meta property=\"og:site_name\" content=\"Wakalingo - Apprenez les langues africaines\" \/>\n<meta property=\"article:publisher\" content=\"https:\/\/www.facebook.com\/wakalingo\" \/>\n<meta property=\"article:modified_time\" content=\"2023-09-26T10:13:19+00:00\" \/>\n<meta property=\"og:image\" content=\"https:\/\/wakalingo.com\/wp-content\/uploads\/2024\/10\/Wakalingo-apprenez-le-wolof.jpg\" \/>\n\t<meta property=\"og:image:width\" content=\"1200\" \/>\n\t<meta property=\"og:image:height\" content=\"675\" \/>\n\t<meta property=\"og:image:type\" content=\"image\/jpeg\" \/>\n<meta name=\"twitter:card\" content=\"summary_large_image\" \/>\n<meta name=\"twitter:label1\" content=\"Dur\u00e9e de lecture estim\u00e9e\" \/>\n\t<meta name=\"twitter:data1\" content=\"4 minutes\" \/>\n\t<meta name=\"twitter:label2\" content=\"Written by\" \/>\n\t<meta name=\"twitter:data2\" content=\"carlos007\" \/>\n<script type=\"application\/ld+json\" class=\"yoast-schema-graph\">{\"@context\":\"https:\/\/schema.org\",\"@graph\":[{\"@type\":\"WebPage\",\"@id\":\"https:\/\/wakalingo.com\/fr\/termes-et-conditions\/\",\"url\":\"https:\/\/wakalingo.com\/fr\/termes-et-conditions\/\",\"name\":\"Termes et conditions - Wakalingo - Apprenez les langues africaines\",\"isPartOf\":{\"@id\":\"https:\/\/wakalingo.com\/fr\/#website\"},\"datePublished\":\"2021-12-09T09:47:43+00:00\",\"dateModified\":\"2023-09-26T10:13:19+00:00\",\"breadcrumb\":{\"@id\":\"https:\/\/wakalingo.com\/fr\/termes-et-conditions\/#breadcrumb\"},\"inLanguage\":\"fr-FR\",\"potentialAction\":[{\"@type\":\"ReadAction\",\"target\":[\"https:\/\/wakalingo.com\/fr\/termes-et-conditions\/\"]}]},{\"@type\":\"BreadcrumbList\",\"@id\":\"https:\/\/wakalingo.com\/fr\/termes-et-conditions\/#breadcrumb\",\"itemListElement\":[{\"@type\":\"ListItem\",\"position\":1,\"name\":\"Accueil\",\"item\":\"https:\/\/wakalingo.com\/fr\/\"},{\"@type\":\"ListItem\",\"position\":2,\"name\":\"Termes et conditions\"}]},{\"@type\":\"WebSite\",\"@id\":\"https:\/\/wakalingo.com\/fr\/#website\",\"url\":\"https:\/\/wakalingo.com\/fr\/\",\"name\":\"Wakalingo - Apprenez les langues africaines\",\"description\":\"Adoptez la langue, adoptez la culture !\",\"publisher\":{\"@id\":\"https:\/\/wakalingo.com\/fr\/#organization\"},\"potentialAction\":[{\"@type\":\"SearchAction\",\"target\":{\"@type\":\"EntryPoint\",\"urlTemplate\":\"https:\/\/wakalingo.com\/fr\/?s={search_term_string}\"},\"query-input\":{\"@type\":\"PropertyValueSpecification\",\"valueRequired\":true,\"valueName\":\"search_term_string\"}}],\"inLanguage\":\"fr-FR\"},{\"@type\":\"Organization\",\"@id\":\"https:\/\/wakalingo.com\/fr\/#organization\",\"name\":\"Wakalingo - Apprenez les langues africaines\",\"url\":\"https:\/\/wakalingo.com\/fr\/\",\"logo\":{\"@type\":\"ImageObject\",\"inLanguage\":\"fr-FR\",\"@id\":\"https:\/\/wakalingo.com\/fr\/#\/schema\/logo\/image\/\",\"url\":\"https:\/\/wakalingo.com\/wp-content\/uploads\/2022\/05\/WakaLingo-rectangulaire_Retenu-1.png\",\"contentUrl\":\"https:\/\/wakalingo.com\/wp-content\/uploads\/2022\/05\/WakaLingo-rectangulaire_Retenu-1.png\",\"width\":205,\"height\":48,\"caption\":\"Wakalingo - Apprenez les langues africaines\"},\"image\":{\"@id\":\"https:\/\/wakalingo.com\/fr\/#\/schema\/logo\/image\/\"},\"sameAs\":[\"https:\/\/www.facebook.com\/wakalingo\",\"https:\/\/www.instagram.com\/wakalingo\/\"]}]}<\/script>\n<!-- \/ Yoast SEO plugin. -->","yoast_head_json":{"title":"Termes et conditions - Wakalingo - Apprenez les langues africaines","robots":{"index":"index","follow":"follow","max-snippet":"max-snippet:-1","max-image-preview":"max-image-preview:large","max-video-preview":"max-video-preview:-1"},"canonical":"https:\/\/wakalingo.com\/fr\/termes-et-conditions\/","og_locale":"fr_FR","og_type":"article","og_title":"Termes et conditions - Wakalingo - Apprenez les langues africaines","og_description":"Qui nous sommes Nous sommes une plateforme d&rsquo;apprentissage des langues africaine en ligne et notre site web est la suivante &hellip;","og_url":"https:\/\/wakalingo.com\/fr\/termes-et-conditions\/","og_site_name":"Wakalingo - Apprenez les langues africaines","article_publisher":"https:\/\/www.facebook.com\/wakalingo","article_modified_time":"2023-09-26T10:13:19+00:00","og_image":[{"width":1200,"height":675,"url":"https:\/\/wakalingo.com\/wp-content\/uploads\/2024\/10\/Wakalingo-apprenez-le-wolof.jpg","type":"image\/jpeg"}],"twitter_card":"summary_large_image","twitter_misc":{"Dur\u00e9e de lecture estim\u00e9e":"4 minutes","Written by":"carlos007"},"schema":{"@context":"https:\/\/schema.org","@graph":[{"@type":"WebPage","@id":"https:\/\/wakalingo.com\/fr\/termes-et-conditions\/","url":"https:\/\/wakalingo.com\/fr\/termes-et-conditions\/","name":"Termes et conditions - Wakalingo - Apprenez les langues africaines","isPartOf":{"@id":"https:\/\/wakalingo.com\/fr\/#website"},"datePublished":"2021-12-09T09:47:43+00:00","dateModified":"2023-09-26T10:13:19+00:00","breadcrumb":{"@id":"https:\/\/wakalingo.com\/fr\/termes-et-conditions\/#breadcrumb"},"inLanguage":"fr-FR","potentialAction":[{"@type":"ReadAction","target":["https:\/\/wakalingo.com\/fr\/termes-et-conditions\/"]}]},{"@type":"BreadcrumbList","@id":"https:\/\/wakalingo.com\/fr\/termes-et-conditions\/#breadcrumb","itemListElement":[{"@type":"ListItem","position":1,"name":"Accueil","item":"https:\/\/wakalingo.com\/fr\/"},{"@type":"ListItem","position":2,"name":"Termes et conditions"}]},{"@type":"WebSite","@id":"https:\/\/wakalingo.com\/fr\/#website","url":"https:\/\/wakalingo.com\/fr\/","name":"Wakalingo - Apprenez les langues africaines","description":"Adoptez la langue, adoptez la culture !","publisher":{"@id":"https:\/\/wakalingo.com\/fr\/#organization"},"potentialAction":[{"@type":"SearchAction","target":{"@type":"EntryPoint","urlTemplate":"https:\/\/wakalingo.com\/fr\/?s={search_term_string}"},"query-input":{"@type":"PropertyValueSpecification","valueRequired":true,"valueName":"search_term_string"}}],"inLanguage":"fr-FR"},{"@type":"Organization","@id":"https:\/\/wakalingo.com\/fr\/#organization","name":"Wakalingo - Apprenez les langues africaines","url":"https:\/\/wakalingo.com\/fr\/","logo":{"@type":"ImageObject","inLanguage":"fr-FR","@id":"https:\/\/wakalingo.com\/fr\/#\/schema\/logo\/image\/","url":"https:\/\/wakalingo.com\/wp-content\/uploads\/2022\/05\/WakaLingo-rectangulaire_Retenu-1.png","contentUrl":"https:\/\/wakalingo.com\/wp-content\/uploads\/2022\/05\/WakaLingo-rectangulaire_Retenu-1.png","width":205,"height":48,"caption":"Wakalingo - Apprenez les langues africaines"},"image":{"@id":"https:\/\/wakalingo.com\/fr\/#\/schema\/logo\/image\/"},"sameAs":["https:\/\/www.facebook.com\/wakalingo","https:\/\/www.instagram.com\/wakalingo\/"]}]}},"_links":{"self":[{"href":"https:\/\/wakalingo.com\/fr\/wp-json\/wp\/v2\/pages\/3","targetHints":{"allow":["GET"]}}],"collection":[{"href":"https:\/\/wakalingo.com\/fr\/wp-json\/wp\/v2\/pages"}],"about":[{"href":"https:\/\/wakalingo.com\/fr\/wp-json\/wp\/v2\/types\/page"}],"author":[{"embeddable":true,"href":"https:\/\/wakalingo.com\/fr\/wp-json\/wp\/v2\/users\/18"}],"replies":[{"embeddable":true,"href":"https:\/\/wakalingo.com\/fr\/wp-json\/wp\/v2\/comments?post=3"}],"version-history":[{"count":2,"href":"https:\/\/wakalingo.com\/fr\/wp-json\/wp\/v2\/pages\/3\/revisions"}],"predecessor-version":[{"id":3317,"href":"https:\/\/wakalingo.com\/fr\/wp-json\/wp\/v2\/pages\/3\/revisions\/3317"}],"wp:attachment":[{"href":"https:\/\/wakalingo.com\/fr\/wp-json\/wp\/v2\/media?parent=3"}],"wp:term":[{"taxonomy":"author","embeddable":true,"href":"https:\/\/wakalingo.com\/fr\/wp-json\/wp\/v2\/coauthors?post=3"}],"curies":[{"name":"wp","href":"https:\/\/api.w.org\/{rel}","templated":true}]}}