{"id":3352,"date":"2023-10-05T00:55:19","date_gmt":"2023-10-05T00:55:19","guid":{"rendered":"https:\/\/wakalingo.com\/?page_id=3352"},"modified":"2023-11-30T15:33:55","modified_gmt":"2023-11-30T15:33:55","slug":"nos-formations","status":"publish","type":"page","link":"https:\/\/wakalingo.com\/fr\/nos-formations\/","title":{"rendered":"Nos formations"},"content":{"rendered":"\t\t<div data-elementor-type=\"wp-page\" data-elementor-id=\"3352\" class=\"elementor elementor-3352\" data-elementor-post-type=\"page\">\n\t\t\t\t\t\t<section class=\"elementor-section elementor-top-section elementor-element elementor-element-7090db06 elementor-section-stretched elementor-section-boxed elementor-section-height-default elementor-section-height-default\" data-id=\"7090db06\" data-element_type=\"section\" data-settings=\"{&quot;stretch_section&quot;:&quot;section-stretched&quot;}\">\n\t\t\t\t\t\t<div class=\"elementor-container elementor-column-gap-no\">\n\t\t\t\t\t<div class=\"elementor-column elementor-col-50 elementor-top-column elementor-element elementor-element-274ce3c0\" data-id=\"274ce3c0\" data-element_type=\"column\" data-settings=\"{&quot;background_background&quot;:&quot;classic&quot;,&quot;background_motion_fx_motion_fx_scrolling&quot;:&quot;yes&quot;,&quot;background_motion_fx_scale_effect&quot;:&quot;yes&quot;,&quot;background_motion_fx_scale_speed&quot;:{&quot;unit&quot;:&quot;px&quot;,&quot;size&quot;:1,&quot;sizes&quot;:[]},&quot;background_motion_fx_scale_range&quot;:{&quot;unit&quot;:&quot;%&quot;,&quot;size&quot;:&quot;&quot;,&quot;sizes&quot;:{&quot;start&quot;:0,&quot;end&quot;:100}},&quot;background_motion_fx_scale_direction&quot;:&quot;out-in&quot;,&quot;background_motion_fx_devices&quot;:[&quot;desktop&quot;,&quot;tablet&quot;,&quot;mobile&quot;]}\">\n\t\t\t<div class=\"elementor-widget-wrap elementor-element-populated\">\n\t\t\t\t\t\t<div class=\"elementor-element elementor-element-3b01727 elementor-widget elementor-widget-image\" data-id=\"3b01727\" data-element_type=\"widget\" data-widget_type=\"image.default\">\n\t\t\t\t<div class=\"elementor-widget-container\">\n\t\t\t\t\t\t\t\t\t\t\t\t\t\t\t<img fetchpriority=\"high\" decoding=\"async\" width=\"768\" height=\"644\" src=\"https:\/\/wakalingo.com\/wp-content\/uploads\/2023\/10\/Apprendre-le-wolof-768x644.png\" class=\"attachment-medium_large size-medium_large wp-image-3377\" alt=\"\" srcset=\"https:\/\/wakalingo.com\/wp-content\/uploads\/2023\/10\/Apprendre-le-wolof-768x644.png 768w, https:\/\/wakalingo.com\/wp-content\/uploads\/2023\/10\/Apprendre-le-wolof-460x386.png 460w, https:\/\/wakalingo.com\/wp-content\/uploads\/2023\/10\/Apprendre-le-wolof-600x503.png 600w, https:\/\/wakalingo.com\/wp-content\/uploads\/2023\/10\/Apprendre-le-wolof-120x101.png 120w, https:\/\/wakalingo.com\/wp-content\/uploads\/2023\/10\/Apprendre-le-wolof-310x260.png 310w, https:\/\/wakalingo.com\/wp-content\/uploads\/2023\/10\/Apprendre-le-wolof.png 940w\" sizes=\"(max-width: 768px) 100vw, 768px\" \/>\t\t\t\t\t\t\t\t\t\t\t\t\t\t\t<\/div>\n\t\t\t\t<\/div>\n\t\t\t\t\t<\/div>\n\t\t<\/div>\n\t\t\t\t<div class=\"elementor-column elementor-col-50 elementor-top-column elementor-element elementor-element-17cfc82a\" data-id=\"17cfc82a\" data-element_type=\"column\">\n\t\t\t<div class=\"elementor-widget-wrap elementor-element-populated\">\n\t\t\t\t\t\t<div class=\"elementor-element elementor-element-72bb929 elementor-widget elementor-widget-heading\" data-id=\"72bb929\" data-element_type=\"widget\" data-widget_type=\"heading.default\">\n\t\t\t\t<div class=\"elementor-widget-container\">\n\t\t\t\t\t<h2 class=\"elementor-heading-title elementor-size-default\">J'apprends \u00e0 parler la langue Wolof<\/h2>\t\t\t\t<\/div>\n\t\t\t\t<\/div>\n\t\t\t\t<div class=\"elementor-element elementor-element-65d7b2b6 elementor-widget elementor-widget-text-editor\" data-id=\"65d7b2b6\" data-element_type=\"widget\" data-widget_type=\"text-editor.default\">\n\t\t\t\t<div class=\"elementor-widget-container\">\n\t\t\t\t\t\t\t\t\t<p>Notre cours vise \u00e0 vous initier \u00e0 la langue Wolof, en vous permettant de d\u00e9velopper des comp\u00e9tences de communication de base. Vous d\u00e9couvrirez \u00e9galement la culture et les coutumes Wolof qui enrichiront votre exp\u00e9rience.<\/p>\n<p>Ce cours couvre les bases de la langue Wolof, y compris la prononciation, la grammaire, le vocabulaire et la pratique de la conversation.<\/p>\t\t\t\t\t\t\t\t<\/div>\n\t\t\t\t<\/div>\n\t\t\t\t<div class=\"elementor-element elementor-element-b195738 elementor-align-center elementor-widget elementor-widget-button\" data-id=\"b195738\" data-element_type=\"widget\" data-widget_type=\"button.default\">\n\t\t\t\t<div class=\"elementor-widget-container\">\n\t\t\t\t\t\t\t\t\t<div class=\"elementor-button-wrapper\">\n\t\t\t\t\t<a class=\"elementor-button elementor-button-link elementor-size-md\" href=\"https:\/\/wakalingo.com\/commencez-votre-premiere-lecon\/\">\n\t\t\t\t\t\t<span class=\"elementor-button-content-wrapper\">\n\t\t\t\t\t\t\t\t\t<span class=\"elementor-button-text\">Commencez votre premi\u00e8re le\u00e7on<\/span>\n\t\t\t\t\t<\/span>\n\t\t\t\t\t<\/a>\n\t\t\t\t<\/div>\n\t\t\t\t\t\t\t\t<\/div>\n\t\t\t\t<\/div>\n\t\t\t\t\t<\/div>\n\t\t<\/div>\n\t\t\t\t\t<\/div>\n\t\t<\/section>\n\t\t\t\t<section class=\"elementor-section elementor-top-section elementor-element elementor-element-f256712 elementor-section-stretched elementor-section-boxed elementor-section-height-default elementor-section-height-default\" data-id=\"f256712\" data-element_type=\"section\" data-settings=\"{&quot;stretch_section&quot;:&quot;section-stretched&quot;,&quot;background_background&quot;:&quot;classic&quot;}\">\n\t\t\t\t\t\t<div class=\"elementor-container elementor-column-gap-no\">\n\t\t\t\t\t<div class=\"elementor-column elementor-col-50 elementor-top-column elementor-element elementor-element-aa1dc93\" data-id=\"aa1dc93\" data-element_type=\"column\" data-settings=\"{&quot;background_background&quot;:&quot;classic&quot;,&quot;background_motion_fx_motion_fx_scrolling&quot;:&quot;yes&quot;,&quot;background_motion_fx_scale_effect&quot;:&quot;yes&quot;,&quot;background_motion_fx_scale_speed&quot;:{&quot;unit&quot;:&quot;px&quot;,&quot;size&quot;:1,&quot;sizes&quot;:[]},&quot;background_motion_fx_scale_range&quot;:{&quot;unit&quot;:&quot;%&quot;,&quot;size&quot;:&quot;&quot;,&quot;sizes&quot;:{&quot;start&quot;:0,&quot;end&quot;:100}},&quot;background_motion_fx_scale_direction&quot;:&quot;out-in&quot;,&quot;background_motion_fx_devices&quot;:[&quot;desktop&quot;,&quot;tablet&quot;,&quot;mobile&quot;]}\">\n\t\t\t<div class=\"elementor-widget-wrap elementor-element-populated\">\n\t\t\t\t\t\t<div class=\"elementor-element elementor-element-9d0f489 elementor-widget elementor-widget-image\" data-id=\"9d0f489\" data-element_type=\"widget\" data-widget_type=\"image.default\">\n\t\t\t\t<div class=\"elementor-widget-container\">\n\t\t\t\t\t\t\t\t\t\t\t\t\t\t\t<img decoding=\"async\" width=\"768\" height=\"644\" src=\"https:\/\/wakalingo.com\/wp-content\/uploads\/2023\/10\/Cours-de-Pular-768x644.png\" class=\"attachment-medium_large size-medium_large wp-image-3401\" alt=\"\" srcset=\"https:\/\/wakalingo.com\/wp-content\/uploads\/2023\/10\/Cours-de-Pular-768x644.png 768w, https:\/\/wakalingo.com\/wp-content\/uploads\/2023\/10\/Cours-de-Pular-460x386.png 460w, https:\/\/wakalingo.com\/wp-content\/uploads\/2023\/10\/Cours-de-Pular-600x503.png 600w, https:\/\/wakalingo.com\/wp-content\/uploads\/2023\/10\/Cours-de-Pular-120x101.png 120w, https:\/\/wakalingo.com\/wp-content\/uploads\/2023\/10\/Cours-de-Pular-310x260.png 310w, https:\/\/wakalingo.com\/wp-content\/uploads\/2023\/10\/Cours-de-Pular.png 940w\" sizes=\"(max-width: 768px) 100vw, 768px\" \/>\t\t\t\t\t\t\t\t\t\t\t\t\t\t\t<\/div>\n\t\t\t\t<\/div>\n\t\t\t\t\t<\/div>\n\t\t<\/div>\n\t\t\t\t<div class=\"elementor-column elementor-col-50 elementor-top-column elementor-element elementor-element-ea6addc\" data-id=\"ea6addc\" data-element_type=\"column\">\n\t\t\t<div class=\"elementor-widget-wrap elementor-element-populated\">\n\t\t\t\t\t\t<div class=\"elementor-element elementor-element-6c0838c elementor-widget elementor-widget-heading\" data-id=\"6c0838c\" data-element_type=\"widget\" data-widget_type=\"heading.default\">\n\t\t\t\t<div class=\"elementor-widget-container\">\n\t\t\t\t\t<h2 class=\"elementor-heading-title elementor-size-default\">J'apprends \u00e0 parler la langue Pulaar<\/h2>\t\t\t\t<\/div>\n\t\t\t\t<\/div>\n\t\t\t\t<div class=\"elementor-element elementor-element-5656703 elementor-widget elementor-widget-text-editor\" data-id=\"5656703\" data-element_type=\"widget\" data-widget_type=\"text-editor.default\">\n\t\t\t\t<div class=\"elementor-widget-container\">\n\t\t\t\t\t\t\t\t\t<p>Ce programme vous plonge dans l&rsquo;univers captivant de la langue Pular, vous offrant une immersion compl\u00e8te pour ma\u00eetriser cette langue de mani\u00e8re fluide, pratique et culturellement enrichissante.<\/p>\t\t\t\t\t\t\t\t<\/div>\n\t\t\t\t<\/div>\n\t\t\t\t<div class=\"elementor-element elementor-element-b1d1248 elementor-align-center elementor-widget elementor-widget-button\" data-id=\"b1d1248\" data-element_type=\"widget\" data-widget_type=\"button.default\">\n\t\t\t\t<div class=\"elementor-widget-container\">\n\t\t\t\t\t\t\t\t\t<div class=\"elementor-button-wrapper\">\n\t\t\t\t\t<a class=\"elementor-button elementor-button-link elementor-size-md\" href=\"https:\/\/wakalingo.com\/fr\/formation-en-pular-a-venir\/\">\n\t\t\t\t\t\t<span class=\"elementor-button-content-wrapper\">\n\t\t\t\t\t\t\t\t\t<span class=\"elementor-button-text\">S'inscrire<\/span>\n\t\t\t\t\t<\/span>\n\t\t\t\t\t<\/a>\n\t\t\t\t<\/div>\n\t\t\t\t\t\t\t\t<\/div>\n\t\t\t\t<\/div>\n\t\t\t\t\t<\/div>\n\t\t<\/div>\n\t\t\t\t\t<\/div>\n\t\t<\/section>\n\t\t\t\t<\/div>\n\t\t","protected":false},"excerpt":{"rendered":"<p>J&rsquo;apprends \u00e0 parler la langue Wolof Notre cours vise \u00e0 vous initier \u00e0 la langue Wolof, en vous permettant de &hellip;<\/p>\n","protected":false},"author":18,"featured_media":0,"parent":0,"menu_order":0,"comment_status":"closed","ping_status":"closed","template":"","meta":{"_bbp_topic_count":0,"_bbp_reply_count":0,"_bbp_total_topic_count":0,"_bbp_total_reply_count":0,"_bbp_voice_count":0,"_bbp_anonymous_reply_count":0,"_bbp_topic_count_hidden":0,"_bbp_reply_count_hidden":0,"_bbp_forum_subforum_count":0,"pmpro_default_level":"","_vibebp_attr":"","_vibebp_dimensions":"","_vibebp_responsive_height":"","_vibebp_accordion_ie_support":"","footnotes":""},"coauthors":[244],"class_list":["post-3352","page","type-page","status-publish","hentry","pmpro-has-access"],"yoast_head":"<!-- This site is optimized with the Yoast SEO plugin v26.1 - https:\/\/yoast.com\/wordpress\/plugins\/seo\/ -->\n<title>Nos formations - Wakalingo - Apprenez les langues africaines<\/title>\n<meta name=\"robots\" content=\"index, follow, max-snippet:-1, max-image-preview:large, max-video-preview:-1\" \/>\n<link rel=\"canonical\" href=\"https:\/\/wakalingo.com\/fr\/nos-formations\/\" \/>\n<meta property=\"og:locale\" content=\"fr_FR\" \/>\n<meta property=\"og:type\" content=\"article\" \/>\n<meta property=\"og:title\" content=\"Nos formations - Wakalingo - Apprenez les langues africaines\" \/>\n<meta property=\"og:description\" content=\"J&rsquo;apprends \u00e0 parler la langue Wolof Notre cours vise \u00e0 vous initier \u00e0 la langue Wolof, en vous permettant de &hellip;\" \/>\n<meta property=\"og:url\" content=\"https:\/\/wakalingo.com\/fr\/nos-formations\/\" \/>\n<meta property=\"og:site_name\" content=\"Wakalingo - Apprenez les langues africaines\" \/>\n<meta property=\"article:publisher\" content=\"https:\/\/www.facebook.com\/wakalingo\" \/>\n<meta property=\"article:modified_time\" content=\"2023-11-30T15:33:55+00:00\" \/>\n<meta property=\"og:image\" content=\"https:\/\/wakalingo.com\/wp-content\/uploads\/2023\/10\/Apprendre-le-wolof-768x644.png\" \/>\n<meta name=\"twitter:card\" content=\"summary_large_image\" \/>\n<meta name=\"twitter:label1\" content=\"Dur\u00e9e de lecture estim\u00e9e\" \/>\n\t<meta name=\"twitter:data1\" content=\"1 minute\" \/>\n\t<meta name=\"twitter:label2\" content=\"Written by\" \/>\n\t<meta name=\"twitter:data2\" content=\"carlos007\" \/>\n<script type=\"application\/ld+json\" class=\"yoast-schema-graph\">{\"@context\":\"https:\/\/schema.org\",\"@graph\":[{\"@type\":\"WebPage\",\"@id\":\"https:\/\/wakalingo.com\/fr\/nos-formations\/\",\"url\":\"https:\/\/wakalingo.com\/fr\/nos-formations\/\",\"name\":\"Nos formations - Wakalingo - Apprenez les langues africaines\",\"isPartOf\":{\"@id\":\"https:\/\/wakalingo.com\/fr\/#website\"},\"primaryImageOfPage\":{\"@id\":\"https:\/\/wakalingo.com\/fr\/nos-formations\/#primaryimage\"},\"image\":{\"@id\":\"https:\/\/wakalingo.com\/fr\/nos-formations\/#primaryimage\"},\"thumbnailUrl\":\"https:\/\/wakalingo.com\/wp-content\/uploads\/2023\/10\/Apprendre-le-wolof-768x644.png\",\"datePublished\":\"2023-10-05T00:55:19+00:00\",\"dateModified\":\"2023-11-30T15:33:55+00:00\",\"breadcrumb\":{\"@id\":\"https:\/\/wakalingo.com\/fr\/nos-formations\/#breadcrumb\"},\"inLanguage\":\"fr-FR\",\"potentialAction\":[{\"@type\":\"ReadAction\",\"target\":[\"https:\/\/wakalingo.com\/fr\/nos-formations\/\"]}]},{\"@type\":\"ImageObject\",\"inLanguage\":\"fr-FR\",\"@id\":\"https:\/\/wakalingo.com\/fr\/nos-formations\/#primaryimage\",\"url\":\"https:\/\/wakalingo.com\/wp-content\/uploads\/2023\/10\/Apprendre-le-wolof-768x644.png\",\"contentUrl\":\"https:\/\/wakalingo.com\/wp-content\/uploads\/2023\/10\/Apprendre-le-wolof-768x644.png\"},{\"@type\":\"BreadcrumbList\",\"@id\":\"https:\/\/wakalingo.com\/fr\/nos-formations\/#breadcrumb\",\"itemListElement\":[{\"@type\":\"ListItem\",\"position\":1,\"name\":\"Accueil\",\"item\":\"https:\/\/wakalingo.com\/fr\/\"},{\"@type\":\"ListItem\",\"position\":2,\"name\":\"Nos formations\"}]},{\"@type\":\"WebSite\",\"@id\":\"https:\/\/wakalingo.com\/fr\/#website\",\"url\":\"https:\/\/wakalingo.com\/fr\/\",\"name\":\"Wakalingo - Apprenez les langues africaines\",\"description\":\"Adoptez la langue, adoptez la culture !\",\"publisher\":{\"@id\":\"https:\/\/wakalingo.com\/fr\/#organization\"},\"potentialAction\":[{\"@type\":\"SearchAction\",\"target\":{\"@type\":\"EntryPoint\",\"urlTemplate\":\"https:\/\/wakalingo.com\/fr\/?s={search_term_string}\"},\"query-input\":{\"@type\":\"PropertyValueSpecification\",\"valueRequired\":true,\"valueName\":\"search_term_string\"}}],\"inLanguage\":\"fr-FR\"},{\"@type\":\"Organization\",\"@id\":\"https:\/\/wakalingo.com\/fr\/#organization\",\"name\":\"Wakalingo - Apprenez les langues africaines\",\"url\":\"https:\/\/wakalingo.com\/fr\/\",\"logo\":{\"@type\":\"ImageObject\",\"inLanguage\":\"fr-FR\",\"@id\":\"https:\/\/wakalingo.com\/fr\/#\/schema\/logo\/image\/\",\"url\":\"https:\/\/wakalingo.com\/wp-content\/uploads\/2022\/05\/WakaLingo-rectangulaire_Retenu-1.png\",\"contentUrl\":\"https:\/\/wakalingo.com\/wp-content\/uploads\/2022\/05\/WakaLingo-rectangulaire_Retenu-1.png\",\"width\":205,\"height\":48,\"caption\":\"Wakalingo - Apprenez les langues africaines\"},\"image\":{\"@id\":\"https:\/\/wakalingo.com\/fr\/#\/schema\/logo\/image\/\"},\"sameAs\":[\"https:\/\/www.facebook.com\/wakalingo\",\"https:\/\/www.instagram.com\/wakalingo\/\"]}]}<\/script>\n<!-- \/ Yoast SEO plugin. -->","yoast_head_json":{"title":"Nos formations - Wakalingo - Apprenez les langues africaines","robots":{"index":"index","follow":"follow","max-snippet":"max-snippet:-1","max-image-preview":"max-image-preview:large","max-video-preview":"max-video-preview:-1"},"canonical":"https:\/\/wakalingo.com\/fr\/nos-formations\/","og_locale":"fr_FR","og_type":"article","og_title":"Nos formations - Wakalingo - Apprenez les langues africaines","og_description":"J&rsquo;apprends \u00e0 parler la langue Wolof Notre cours vise \u00e0 vous initier \u00e0 la langue Wolof, en vous permettant de &hellip;","og_url":"https:\/\/wakalingo.com\/fr\/nos-formations\/","og_site_name":"Wakalingo - Apprenez les langues africaines","article_publisher":"https:\/\/www.facebook.com\/wakalingo","article_modified_time":"2023-11-30T15:33:55+00:00","og_image":[{"url":"https:\/\/wakalingo.com\/wp-content\/uploads\/2023\/10\/Apprendre-le-wolof-768x644.png","type":"","width":"","height":""}],"twitter_card":"summary_large_image","twitter_misc":{"Dur\u00e9e de lecture estim\u00e9e":"1 minute","Written by":"carlos007"},"schema":{"@context":"https:\/\/schema.org","@graph":[{"@type":"WebPage","@id":"https:\/\/wakalingo.com\/fr\/nos-formations\/","url":"https:\/\/wakalingo.com\/fr\/nos-formations\/","name":"Nos formations - Wakalingo - Apprenez les langues africaines","isPartOf":{"@id":"https:\/\/wakalingo.com\/fr\/#website"},"primaryImageOfPage":{"@id":"https:\/\/wakalingo.com\/fr\/nos-formations\/#primaryimage"},"image":{"@id":"https:\/\/wakalingo.com\/fr\/nos-formations\/#primaryimage"},"thumbnailUrl":"https:\/\/wakalingo.com\/wp-content\/uploads\/2023\/10\/Apprendre-le-wolof-768x644.png","datePublished":"2023-10-05T00:55:19+00:00","dateModified":"2023-11-30T15:33:55+00:00","breadcrumb":{"@id":"https:\/\/wakalingo.com\/fr\/nos-formations\/#breadcrumb"},"inLanguage":"fr-FR","potentialAction":[{"@type":"ReadAction","target":["https:\/\/wakalingo.com\/fr\/nos-formations\/"]}]},{"@type":"ImageObject","inLanguage":"fr-FR","@id":"https:\/\/wakalingo.com\/fr\/nos-formations\/#primaryimage","url":"https:\/\/wakalingo.com\/wp-content\/uploads\/2023\/10\/Apprendre-le-wolof-768x644.png","contentUrl":"https:\/\/wakalingo.com\/wp-content\/uploads\/2023\/10\/Apprendre-le-wolof-768x644.png"},{"@type":"BreadcrumbList","@id":"https:\/\/wakalingo.com\/fr\/nos-formations\/#breadcrumb","itemListElement":[{"@type":"ListItem","position":1,"name":"Accueil","item":"https:\/\/wakalingo.com\/fr\/"},{"@type":"ListItem","position":2,"name":"Nos formations"}]},{"@type":"WebSite","@id":"https:\/\/wakalingo.com\/fr\/#website","url":"https:\/\/wakalingo.com\/fr\/","name":"Wakalingo - Apprenez les langues africaines","description":"Adoptez la langue, adoptez la culture !","publisher":{"@id":"https:\/\/wakalingo.com\/fr\/#organization"},"potentialAction":[{"@type":"SearchAction","target":{"@type":"EntryPoint","urlTemplate":"https:\/\/wakalingo.com\/fr\/?s={search_term_string}"},"query-input":{"@type":"PropertyValueSpecification","valueRequired":true,"valueName":"search_term_string"}}],"inLanguage":"fr-FR"},{"@type":"Organization","@id":"https:\/\/wakalingo.com\/fr\/#organization","name":"Wakalingo - Apprenez les langues africaines","url":"https:\/\/wakalingo.com\/fr\/","logo":{"@type":"ImageObject","inLanguage":"fr-FR","@id":"https:\/\/wakalingo.com\/fr\/#\/schema\/logo\/image\/","url":"https:\/\/wakalingo.com\/wp-content\/uploads\/2022\/05\/WakaLingo-rectangulaire_Retenu-1.png","contentUrl":"https:\/\/wakalingo.com\/wp-content\/uploads\/2022\/05\/WakaLingo-rectangulaire_Retenu-1.png","width":205,"height":48,"caption":"Wakalingo - Apprenez les langues africaines"},"image":{"@id":"https:\/\/wakalingo.com\/fr\/#\/schema\/logo\/image\/"},"sameAs":["https:\/\/www.facebook.com\/wakalingo","https:\/\/www.instagram.com\/wakalingo\/"]}]}},"_links":{"self":[{"href":"https:\/\/wakalingo.com\/fr\/wp-json\/wp\/v2\/pages\/3352","targetHints":{"allow":["GET"]}}],"collection":[{"href":"https:\/\/wakalingo.com\/fr\/wp-json\/wp\/v2\/pages"}],"about":[{"href":"https:\/\/wakalingo.com\/fr\/wp-json\/wp\/v2\/types\/page"}],"author":[{"embeddable":true,"href":"https:\/\/wakalingo.com\/fr\/wp-json\/wp\/v2\/users\/18"}],"replies":[{"embeddable":true,"href":"https:\/\/wakalingo.com\/fr\/wp-json\/wp\/v2\/comments?post=3352"}],"version-history":[{"count":52,"href":"https:\/\/wakalingo.com\/fr\/wp-json\/wp\/v2\/pages\/3352\/revisions"}],"predecessor-version":[{"id":4067,"href":"https:\/\/wakalingo.com\/fr\/wp-json\/wp\/v2\/pages\/3352\/revisions\/4067"}],"wp:attachment":[{"href":"https:\/\/wakalingo.com\/fr\/wp-json\/wp\/v2\/media?parent=3352"}],"wp:term":[{"taxonomy":"author","embeddable":true,"href":"https:\/\/wakalingo.com\/fr\/wp-json\/wp\/v2\/coauthors?post=3352"}],"curies":[{"name":"wp","href":"https:\/\/api.w.org\/{rel}","templated":true}]}}