{"id":3424,"date":"2023-10-05T13:58:32","date_gmt":"2023-10-05T13:58:32","guid":{"rendered":"https:\/\/wakalingo.com\/?page_id=3424"},"modified":"2023-10-05T14:38:19","modified_gmt":"2023-10-05T14:38:19","slug":"contact","status":"publish","type":"page","link":"https:\/\/wakalingo.com\/fr\/contact\/","title":{"rendered":"Contact"},"content":{"rendered":"\t\t<div data-elementor-type=\"wp-page\" data-elementor-id=\"3424\" class=\"elementor elementor-3424\" data-elementor-post-type=\"page\">\n\t\t\t\t\t\t<section class=\"elementor-section elementor-top-section elementor-element elementor-element-8641b4b elementor-section-full_width elementor-section-stretched elementor-section-height-default elementor-section-height-default\" data-id=\"8641b4b\" data-element_type=\"section\" data-settings=\"{&quot;stretch_section&quot;:&quot;section-stretched&quot;}\">\n\t\t\t\t\t\t<div class=\"elementor-container elementor-column-gap-no\">\n\t\t\t\t\t<div class=\"elementor-column elementor-col-100 elementor-top-column elementor-element elementor-element-add3395\" data-id=\"add3395\" data-element_type=\"column\">\n\t\t\t<div class=\"elementor-widget-wrap elementor-element-populated\">\n\t\t\t\t\t\t<div class=\"elementor-element elementor-element-20ff4a8 elementor-widget elementor-widget-google_maps\" data-id=\"20ff4a8\" data-element_type=\"widget\" data-widget_type=\"google_maps.default\">\n\t\t\t\t<div class=\"elementor-widget-container\">\n\t\t\t\t\t\t\t<div class=\"elementor-custom-embed\">\n\t\t\t<iframe loading=\"lazy\"\n\t\t\t\t\tsrc=\"https:\/\/maps.google.com\/maps?q=Sacr%C3%A9%20c%C5%93ur%202%2C%20Rue%20SC%20160%2C%20Dakar%2C%20S%C3%A9n%C3%A9gal&#038;t=m&#038;z=15&#038;output=embed&#038;iwloc=near\"\n\t\t\t\t\ttitle=\"Sacr\u00e9 c\u0153ur 2, Rue SC 160, Dakar, S\u00e9n\u00e9gal\"\n\t\t\t\t\taria-label=\"Sacr\u00e9 c\u0153ur 2, Rue SC 160, Dakar, S\u00e9n\u00e9gal\"\n\t\t\t><\/iframe>\n\t\t<\/div>\n\t\t\t\t\t\t<\/div>\n\t\t\t\t<\/div>\n\t\t\t\t\t<\/div>\n\t\t<\/div>\n\t\t\t\t\t<\/div>\n\t\t<\/section>\n\t\t\t\t<section class=\"elementor-section elementor-top-section elementor-element elementor-element-d7d1582 elementor-section-stretched elementor-section-boxed elementor-section-height-default elementor-section-height-default\" data-id=\"d7d1582\" data-element_type=\"section\" data-settings=\"{&quot;stretch_section&quot;:&quot;section-stretched&quot;}\">\n\t\t\t\t\t\t<div class=\"elementor-container elementor-column-gap-default\">\n\t\t\t\t\t<div class=\"elementor-column elementor-col-100 elementor-top-column elementor-element elementor-element-1220770\" data-id=\"1220770\" data-element_type=\"column\">\n\t\t\t<div class=\"elementor-widget-wrap elementor-element-populated\">\n\t\t\t\t\t\t<section class=\"elementor-section elementor-inner-section elementor-element elementor-element-f03cb5b elementor-section-boxed elementor-section-height-default elementor-section-height-default\" data-id=\"f03cb5b\" data-element_type=\"section\">\n\t\t\t\t\t\t<div class=\"elementor-container elementor-column-gap-default\">\n\t\t\t\t\t<div class=\"elementor-column elementor-col-50 elementor-inner-column elementor-element elementor-element-1d7c579\" data-id=\"1d7c579\" data-element_type=\"column\">\n\t\t\t<div class=\"elementor-widget-wrap elementor-element-populated\">\n\t\t\t\t\t\t<div class=\"elementor-element elementor-element-47dd1a79 elementor-widget elementor-widget-heading\" data-id=\"47dd1a79\" data-element_type=\"widget\" data-widget_type=\"heading.default\">\n\t\t\t\t<div class=\"elementor-widget-container\">\n\t\t\t\t\t<h2 class=\"elementor-heading-title elementor-size-default\">Contactez-nous<\/h2>\t\t\t\t<\/div>\n\t\t\t\t<\/div>\n\t\t\t\t<div class=\"elementor-element elementor-element-3eadf36 elementor-widget elementor-widget-spacer\" data-id=\"3eadf36\" data-element_type=\"widget\" data-widget_type=\"spacer.default\">\n\t\t\t\t<div class=\"elementor-widget-container\">\n\t\t\t\t\t\t\t<div class=\"elementor-spacer\">\n\t\t\t<div class=\"elementor-spacer-inner\"><\/div>\n\t\t<\/div>\n\t\t\t\t\t\t<\/div>\n\t\t\t\t<\/div>\n\t\t\t\t<div class=\"elementor-element elementor-element-e982c9f elementor-icon-list--layout-traditional elementor-list-item-link-full_width elementor-widget elementor-widget-icon-list\" data-id=\"e982c9f\" data-element_type=\"widget\" data-widget_type=\"icon-list.default\">\n\t\t\t\t<div class=\"elementor-widget-container\">\n\t\t\t\t\t\t\t<ul class=\"elementor-icon-list-items\">\n\t\t\t\t\t\t\t<li class=\"elementor-icon-list-item\">\n\t\t\t\t\t\t\t\t\t\t\t<span class=\"elementor-icon-list-icon\">\n\t\t\t\t\t\t\t<i aria-hidden=\"true\" class=\"fas fa-home\"><\/i>\t\t\t\t\t\t<\/span>\n\t\t\t\t\t\t\t\t\t\t<span class=\"elementor-icon-list-text\">Sacr\u00e9 c\u0153ur 2, Rue SC 160, Dakar, S\u00e9n\u00e9gal<\/span>\n\t\t\t\t\t\t\t\t\t<\/li>\n\t\t\t\t\t\t\t\t<li class=\"elementor-icon-list-item\">\n\t\t\t\t\t\t\t\t\t\t\t<span class=\"elementor-icon-list-icon\">\n\t\t\t\t\t\t\t<i aria-hidden=\"true\" class=\"fas fa-phone-square-alt\"><\/i>\t\t\t\t\t\t<\/span>\n\t\t\t\t\t\t\t\t\t\t<span class=\"elementor-icon-list-text\">Fixe : +221 33 864 42 01 , Mobile: +221 76 010 78 78<\/span>\n\t\t\t\t\t\t\t\t\t<\/li>\n\t\t\t\t\t\t\t\t<li class=\"elementor-icon-list-item\">\n\t\t\t\t\t\t\t\t\t\t\t<span class=\"elementor-icon-list-icon\">\n\t\t\t\t\t\t\t<i aria-hidden=\"true\" class=\"far fa-paper-plane\"><\/i>\t\t\t\t\t\t<\/span>\n\t\t\t\t\t\t\t\t\t\t<span class=\"elementor-icon-list-text\">wakalingo@keligroupe.com<\/span>\n\t\t\t\t\t\t\t\t\t<\/li>\n\t\t\t\t\t\t<\/ul>\n\t\t\t\t\t\t<\/div>\n\t\t\t\t<\/div>\n\t\t\t\t\t<\/div>\n\t\t<\/div>\n\t\t\t\t<div class=\"elementor-column elementor-col-50 elementor-inner-column elementor-element elementor-element-e40fa36\" data-id=\"e40fa36\" data-element_type=\"column\">\n\t\t\t<div class=\"elementor-widget-wrap elementor-element-populated\">\n\t\t\t\t\t\t<div class=\"elementor-element elementor-element-0f9b992 elementor-widget elementor-widget-spacer\" data-id=\"0f9b992\" data-element_type=\"widget\" data-widget_type=\"spacer.default\">\n\t\t\t\t<div class=\"elementor-widget-container\">\n\t\t\t\t\t\t\t<div class=\"elementor-spacer\">\n\t\t\t<div class=\"elementor-spacer-inner\"><\/div>\n\t\t<\/div>\n\t\t\t\t\t\t<\/div>\n\t\t\t\t<\/div>\n\t\t\t\t<div class=\"elementor-element elementor-element-ef2dc90 elementor-button-align-center elementor-widget elementor-widget-form\" data-id=\"ef2dc90\" data-element_type=\"widget\" data-settings=\"{&quot;step_next_label&quot;:&quot;Suivant&quot;,&quot;step_previous_label&quot;:&quot;Pr\\u00e9c\\u00e9dent&quot;,&quot;button_width&quot;:&quot;100&quot;,&quot;step_type&quot;:&quot;number_text&quot;,&quot;step_icon_shape&quot;:&quot;circle&quot;}\" data-widget_type=\"form.default\">\n\t\t\t\t<div class=\"elementor-widget-container\">\n\t\t\t\t\t\t\t<form class=\"elementor-form\" method=\"post\" name=\"Nouveau formulaire\">\n\t\t\t<input type=\"hidden\" name=\"post_id\" value=\"3424\"\/>\n\t\t\t<input type=\"hidden\" name=\"form_id\" value=\"ef2dc90\"\/>\n\t\t\t<input type=\"hidden\" name=\"referer_title\" value=\"Contact - Wakalingo - Apprenez les langues africaines\" \/>\n\n\t\t\t\t\t\t\t<input type=\"hidden\" name=\"queried_id\" value=\"3424\"\/>\n\t\t\t\n\t\t\t<div class=\"elementor-form-fields-wrapper elementor-labels-\">\n\t\t\t\t\t\t\t\t<div class=\"elementor-field-type-email elementor-field-group elementor-column elementor-field-group-email elementor-col-100 elementor-field-required\">\n\t\t\t\t\t\t\t\t\t\t\t\t\t<input size=\"1\" type=\"email\" name=\"form_fields[email]\" id=\"form-field-email\" class=\"elementor-field elementor-size-md  elementor-field-textual\" placeholder=\"E-mail\" required=\"required\">\n\t\t\t\t\t\t\t\t\t\t\t<\/div>\n\t\t\t\t\t\t\t\t<div class=\"elementor-field-type-text elementor-field-group elementor-column elementor-field-group-name elementor-col-100\">\n\t\t\t\t\t\t\t\t\t\t\t\t\t<input size=\"1\" type=\"text\" name=\"form_fields[name]\" id=\"form-field-name\" class=\"elementor-field elementor-size-md  elementor-field-textual\" placeholder=\"Nom\">\n\t\t\t\t\t\t\t\t\t\t\t<\/div>\n\t\t\t\t\t\t\t\t<div class=\"elementor-field-type-textarea elementor-field-group elementor-column elementor-field-group-message elementor-col-100\">\n\t\t\t\t\t<textarea class=\"elementor-field-textual elementor-field  elementor-size-md\" name=\"form_fields[message]\" id=\"form-field-message\" rows=\"4\" placeholder=\"Message\"><\/textarea>\t\t\t\t<\/div>\n\t\t\t\t\t\t\t\t<div class=\"elementor-field-group elementor-column elementor-field-type-submit elementor-col-100 e-form__buttons\">\n\t\t\t\t\t<button class=\"elementor-button elementor-size-md\" type=\"submit\">\n\t\t\t\t\t\t<span class=\"elementor-button-content-wrapper\">\n\t\t\t\t\t\t\t\t\t\t\t\t\t\t\t\t\t\t\t\t\t\t<span class=\"elementor-button-text\">Envoyer<\/span>\n\t\t\t\t\t\t\t\t\t\t\t\t\t<\/span>\n\t\t\t\t\t<\/button>\n\t\t\t\t<\/div>\n\t\t\t<\/div>\n\t\t<\/form>\n\t\t\t\t\t\t<\/div>\n\t\t\t\t<\/div>\n\t\t\t\t\t<\/div>\n\t\t<\/div>\n\t\t\t\t\t<\/div>\n\t\t<\/section>\n\t\t\t\t\t<\/div>\n\t\t<\/div>\n\t\t\t\t\t<\/div>\n\t\t<\/section>\n\t\t\t\t<\/div>\n\t\t","protected":false},"excerpt":{"rendered":"<p>Contactez-nous Sacr\u00e9 c\u0153ur 2, Rue SC 160, Dakar, S\u00e9n\u00e9gal Fixe : +221 33 864 42 01 , Mobile: +221 76 &hellip;<\/p>\n","protected":false},"author":20,"featured_media":0,"parent":0,"menu_order":0,"comment_status":"closed","ping_status":"closed","template":"notitle.php","meta":{"_bbp_topic_count":0,"_bbp_reply_count":0,"_bbp_total_topic_count":0,"_bbp_total_reply_count":0,"_bbp_voice_count":0,"_bbp_anonymous_reply_count":0,"_bbp_topic_count_hidden":0,"_bbp_reply_count_hidden":0,"_bbp_forum_subforum_count":0,"pmpro_default_level":"","_vibebp_attr":"","_vibebp_dimensions":"","_vibebp_responsive_height":"","_vibebp_accordion_ie_support":"","footnotes":""},"coauthors":[256],"class_list":["post-3424","page","type-page","status-publish","hentry","pmpro-has-access"],"yoast_head":"<!-- This site is optimized with the Yoast SEO plugin v26.1 - https:\/\/yoast.com\/wordpress\/plugins\/seo\/ -->\n<title>Contact - Wakalingo - Apprenez les langues africaines<\/title>\n<meta name=\"robots\" content=\"index, follow, max-snippet:-1, max-image-preview:large, max-video-preview:-1\" \/>\n<link rel=\"canonical\" href=\"https:\/\/wakalingo.com\/fr\/contact\/\" \/>\n<meta property=\"og:locale\" content=\"fr_FR\" \/>\n<meta property=\"og:type\" content=\"article\" \/>\n<meta property=\"og:title\" content=\"Contact - Wakalingo - Apprenez les langues africaines\" \/>\n<meta property=\"og:description\" content=\"Contactez-nous Sacr\u00e9 c\u0153ur 2, Rue SC 160, Dakar, S\u00e9n\u00e9gal Fixe : +221 33 864 42 01 , Mobile: +221 76 &hellip;\" \/>\n<meta property=\"og:url\" content=\"https:\/\/wakalingo.com\/fr\/contact\/\" \/>\n<meta property=\"og:site_name\" content=\"Wakalingo - Apprenez les langues africaines\" \/>\n<meta property=\"article:publisher\" content=\"https:\/\/www.facebook.com\/wakalingo\" \/>\n<meta property=\"article:modified_time\" content=\"2023-10-05T14:38:19+00:00\" \/>\n<meta property=\"og:image\" content=\"https:\/\/wakalingo.com\/wp-content\/uploads\/2024\/10\/Wakalingo-apprenez-le-wolof.jpg\" \/>\n\t<meta property=\"og:image:width\" content=\"1200\" \/>\n\t<meta property=\"og:image:height\" content=\"675\" \/>\n\t<meta property=\"og:image:type\" content=\"image\/jpeg\" \/>\n<meta name=\"twitter:card\" content=\"summary_large_image\" \/>\n<meta name=\"twitter:label1\" content=\"Dur\u00e9e de lecture estim\u00e9e\" \/>\n\t<meta name=\"twitter:data1\" content=\"1 minute\" \/>\n\t<meta name=\"twitter:label2\" content=\"Written by\" \/>\n\t<meta name=\"twitter:data2\" content=\"Deborah\" \/>\n<script type=\"application\/ld+json\" class=\"yoast-schema-graph\">{\"@context\":\"https:\/\/schema.org\",\"@graph\":[{\"@type\":\"WebPage\",\"@id\":\"https:\/\/wakalingo.com\/fr\/contact\/\",\"url\":\"https:\/\/wakalingo.com\/fr\/contact\/\",\"name\":\"Contact - Wakalingo - Apprenez les langues africaines\",\"isPartOf\":{\"@id\":\"https:\/\/wakalingo.com\/fr\/#website\"},\"datePublished\":\"2023-10-05T13:58:32+00:00\",\"dateModified\":\"2023-10-05T14:38:19+00:00\",\"breadcrumb\":{\"@id\":\"https:\/\/wakalingo.com\/fr\/contact\/#breadcrumb\"},\"inLanguage\":\"fr-FR\",\"potentialAction\":[{\"@type\":\"ReadAction\",\"target\":[\"https:\/\/wakalingo.com\/fr\/contact\/\"]}]},{\"@type\":\"BreadcrumbList\",\"@id\":\"https:\/\/wakalingo.com\/fr\/contact\/#breadcrumb\",\"itemListElement\":[{\"@type\":\"ListItem\",\"position\":1,\"name\":\"Accueil\",\"item\":\"https:\/\/wakalingo.com\/fr\/\"},{\"@type\":\"ListItem\",\"position\":2,\"name\":\"Contact\"}]},{\"@type\":\"WebSite\",\"@id\":\"https:\/\/wakalingo.com\/fr\/#website\",\"url\":\"https:\/\/wakalingo.com\/fr\/\",\"name\":\"Wakalingo - Apprenez les langues africaines\",\"description\":\"Adoptez la langue, adoptez la culture !\",\"publisher\":{\"@id\":\"https:\/\/wakalingo.com\/fr\/#organization\"},\"potentialAction\":[{\"@type\":\"SearchAction\",\"target\":{\"@type\":\"EntryPoint\",\"urlTemplate\":\"https:\/\/wakalingo.com\/fr\/?s={search_term_string}\"},\"query-input\":{\"@type\":\"PropertyValueSpecification\",\"valueRequired\":true,\"valueName\":\"search_term_string\"}}],\"inLanguage\":\"fr-FR\"},{\"@type\":\"Organization\",\"@id\":\"https:\/\/wakalingo.com\/fr\/#organization\",\"name\":\"Wakalingo - Apprenez les langues africaines\",\"url\":\"https:\/\/wakalingo.com\/fr\/\",\"logo\":{\"@type\":\"ImageObject\",\"inLanguage\":\"fr-FR\",\"@id\":\"https:\/\/wakalingo.com\/fr\/#\/schema\/logo\/image\/\",\"url\":\"https:\/\/wakalingo.com\/wp-content\/uploads\/2022\/05\/WakaLingo-rectangulaire_Retenu-1.png\",\"contentUrl\":\"https:\/\/wakalingo.com\/wp-content\/uploads\/2022\/05\/WakaLingo-rectangulaire_Retenu-1.png\",\"width\":205,\"height\":48,\"caption\":\"Wakalingo - Apprenez les langues africaines\"},\"image\":{\"@id\":\"https:\/\/wakalingo.com\/fr\/#\/schema\/logo\/image\/\"},\"sameAs\":[\"https:\/\/www.facebook.com\/wakalingo\",\"https:\/\/www.instagram.com\/wakalingo\/\"]}]}<\/script>\n<!-- \/ Yoast SEO plugin. -->","yoast_head_json":{"title":"Contact - Wakalingo - Apprenez les langues africaines","robots":{"index":"index","follow":"follow","max-snippet":"max-snippet:-1","max-image-preview":"max-image-preview:large","max-video-preview":"max-video-preview:-1"},"canonical":"https:\/\/wakalingo.com\/fr\/contact\/","og_locale":"fr_FR","og_type":"article","og_title":"Contact - Wakalingo - Apprenez les langues africaines","og_description":"Contactez-nous Sacr\u00e9 c\u0153ur 2, Rue SC 160, Dakar, S\u00e9n\u00e9gal Fixe : +221 33 864 42 01 , Mobile: +221 76 &hellip;","og_url":"https:\/\/wakalingo.com\/fr\/contact\/","og_site_name":"Wakalingo - Apprenez les langues africaines","article_publisher":"https:\/\/www.facebook.com\/wakalingo","article_modified_time":"2023-10-05T14:38:19+00:00","og_image":[{"width":1200,"height":675,"url":"https:\/\/wakalingo.com\/wp-content\/uploads\/2024\/10\/Wakalingo-apprenez-le-wolof.jpg","type":"image\/jpeg"}],"twitter_card":"summary_large_image","twitter_misc":{"Dur\u00e9e de lecture estim\u00e9e":"1 minute","Written by":"Deborah"},"schema":{"@context":"https:\/\/schema.org","@graph":[{"@type":"WebPage","@id":"https:\/\/wakalingo.com\/fr\/contact\/","url":"https:\/\/wakalingo.com\/fr\/contact\/","name":"Contact - Wakalingo - Apprenez les langues africaines","isPartOf":{"@id":"https:\/\/wakalingo.com\/fr\/#website"},"datePublished":"2023-10-05T13:58:32+00:00","dateModified":"2023-10-05T14:38:19+00:00","breadcrumb":{"@id":"https:\/\/wakalingo.com\/fr\/contact\/#breadcrumb"},"inLanguage":"fr-FR","potentialAction":[{"@type":"ReadAction","target":["https:\/\/wakalingo.com\/fr\/contact\/"]}]},{"@type":"BreadcrumbList","@id":"https:\/\/wakalingo.com\/fr\/contact\/#breadcrumb","itemListElement":[{"@type":"ListItem","position":1,"name":"Accueil","item":"https:\/\/wakalingo.com\/fr\/"},{"@type":"ListItem","position":2,"name":"Contact"}]},{"@type":"WebSite","@id":"https:\/\/wakalingo.com\/fr\/#website","url":"https:\/\/wakalingo.com\/fr\/","name":"Wakalingo - Apprenez les langues africaines","description":"Adoptez la langue, adoptez la culture !","publisher":{"@id":"https:\/\/wakalingo.com\/fr\/#organization"},"potentialAction":[{"@type":"SearchAction","target":{"@type":"EntryPoint","urlTemplate":"https:\/\/wakalingo.com\/fr\/?s={search_term_string}"},"query-input":{"@type":"PropertyValueSpecification","valueRequired":true,"valueName":"search_term_string"}}],"inLanguage":"fr-FR"},{"@type":"Organization","@id":"https:\/\/wakalingo.com\/fr\/#organization","name":"Wakalingo - Apprenez les langues africaines","url":"https:\/\/wakalingo.com\/fr\/","logo":{"@type":"ImageObject","inLanguage":"fr-FR","@id":"https:\/\/wakalingo.com\/fr\/#\/schema\/logo\/image\/","url":"https:\/\/wakalingo.com\/wp-content\/uploads\/2022\/05\/WakaLingo-rectangulaire_Retenu-1.png","contentUrl":"https:\/\/wakalingo.com\/wp-content\/uploads\/2022\/05\/WakaLingo-rectangulaire_Retenu-1.png","width":205,"height":48,"caption":"Wakalingo - Apprenez les langues africaines"},"image":{"@id":"https:\/\/wakalingo.com\/fr\/#\/schema\/logo\/image\/"},"sameAs":["https:\/\/www.facebook.com\/wakalingo","https:\/\/www.instagram.com\/wakalingo\/"]}]}},"_links":{"self":[{"href":"https:\/\/wakalingo.com\/fr\/wp-json\/wp\/v2\/pages\/3424","targetHints":{"allow":["GET"]}}],"collection":[{"href":"https:\/\/wakalingo.com\/fr\/wp-json\/wp\/v2\/pages"}],"about":[{"href":"https:\/\/wakalingo.com\/fr\/wp-json\/wp\/v2\/types\/page"}],"author":[{"embeddable":true,"href":"https:\/\/wakalingo.com\/fr\/wp-json\/wp\/v2\/users\/20"}],"replies":[{"embeddable":true,"href":"https:\/\/wakalingo.com\/fr\/wp-json\/wp\/v2\/comments?post=3424"}],"version-history":[{"count":5,"href":"https:\/\/wakalingo.com\/fr\/wp-json\/wp\/v2\/pages\/3424\/revisions"}],"predecessor-version":[{"id":3430,"href":"https:\/\/wakalingo.com\/fr\/wp-json\/wp\/v2\/pages\/3424\/revisions\/3430"}],"wp:attachment":[{"href":"https:\/\/wakalingo.com\/fr\/wp-json\/wp\/v2\/media?parent=3424"}],"wp:term":[{"taxonomy":"author","embeddable":true,"href":"https:\/\/wakalingo.com\/fr\/wp-json\/wp\/v2\/coauthors?post=3424"}],"curies":[{"name":"wp","href":"https:\/\/api.w.org\/{rel}","templated":true}]}}